{"id":12353,"date":"2025-07-31T13:10:06","date_gmt":"2025-07-31T11:10:06","guid":{"rendered":"https:\/\/www.cogno.eu\/sklep\/?post_type=product&#038;p=12353"},"modified":"2025-07-31T13:39:37","modified_gmt":"2025-07-31T11:39:37","slug":"farmakopea-europejska-12-european-pharmacopoeia-12-wersja-online-dla-jednego-uzytkownika","status":"publish","type":"product","link":"https:\/\/www.cogno.eu\/sklep\/produkt\/farmakopea-europejska-12-european-pharmacopoeia-12-wersja-online-dla-jednego-uzytkownika\/","title":{"rendered":"Farmakopea Europejska 12 \/ European Pharmacopoeia 12 WERSJA ONLINE dla jednego u\u017cytkownika"},"content":{"rendered":"<p>Farmakopea Europejska 12 \/ European Pharmacopoeia 12 WERSJA ONLINE dla jednego u\u017cytkownika<\/p>\n<p>Od czerwca 2025 roku dost\u0119p do Farmakopei Europejskiej online jest przyznawany na 365 dni od momentu aktywacji klucza licencyjnego.<br \/>\nNowa licencja zapewnia dost\u0119p do wszystkich tekst\u00f3w Farmakopei Europejskiej \u2013 bie\u017c\u0105cych, przysz\u0142ych i archiwalnych (od tomu 11.0).<br \/>\nDost\u0119p do tekst\u00f3w, a tak\u017ce rejestracja i zarz\u0105dzanie licencjami b\u0119d\u0105 obs\u0142ugiwane za po\u015brednictwem nowej platformy.<\/p>\n<p>WERSJA ONLINE dla jednego u\u017cytkownika<\/p>\n","protected":false},"excerpt":{"rendered":"<p>Farmakopea Europejska 12 \/ European Pharmacopoeia 12 WERSJA ONLINE dla jednego u\u017cytkownika Od czerwca 2025 roku dost\u0119p do Farmakopei Europejskiej online jest przyznawany na 365 dni od momentu aktywacji klucza licencyjnego. Nowa licencja zapewnia dost\u0119p do wszystkich tekst\u00f3w Farmakopei Europejskiej \u2013 bie\u017c\u0105cych, przysz\u0142ych i archiwalnych (od tomu 11.0). Dost\u0119p do tekst\u00f3w, a tak\u017ce rejestracja i [&hellip;]<\/p>\n","protected":false},"featured_media":12356,"template":"","meta":[],"product_brand":[],"product_cat":[36,15,40],"product_tag":[16,31],"class_list":{"0":"post-12353","1":"product","2":"type-product","3":"status-publish","4":"has-post-thumbnail","6":"product_cat-farmakopea","7":"product_cat-farmakopea-europejska","8":"product_cat-farmakopea-europejska-12","9":"product_tag-farmakopea","10":"product_tag-online","11":"product_shipping_class-online","13":"first","14":"instock","15":"virtual","16":"taxable","17":"purchasable","18":"product-type-simple"},"jetpack_sharing_enabled":true,"_links":{"self":[{"href":"https:\/\/www.cogno.eu\/sklep\/wp-json\/wp\/v2\/product\/12353","targetHints":{"allow":["GET"]}}],"collection":[{"href":"https:\/\/www.cogno.eu\/sklep\/wp-json\/wp\/v2\/product"}],"about":[{"href":"https:\/\/www.cogno.eu\/sklep\/wp-json\/wp\/v2\/types\/product"}],"wp:featuredmedia":[{"embeddable":true,"href":"https:\/\/www.cogno.eu\/sklep\/wp-json\/wp\/v2\/media\/12356"}],"wp:attachment":[{"href":"https:\/\/www.cogno.eu\/sklep\/wp-json\/wp\/v2\/media?parent=12353"}],"wp:term":[{"taxonomy":"product_brand","embeddable":true,"href":"https:\/\/www.cogno.eu\/sklep\/wp-json\/wp\/v2\/product_brand?post=12353"},{"taxonomy":"product_cat","embeddable":true,"href":"https:\/\/www.cogno.eu\/sklep\/wp-json\/wp\/v2\/product_cat?post=12353"},{"taxonomy":"product_tag","embeddable":true,"href":"https:\/\/www.cogno.eu\/sklep\/wp-json\/wp\/v2\/product_tag?post=12353"}],"curies":[{"name":"wp","href":"https:\/\/api.w.org\/{rel}","templated":true}]}}