{"id":11534,"date":"2024-11-14T13:20:37","date_gmt":"2024-11-14T12:20:37","guid":{"rendered":"https:\/\/www.cogno.eu\/sklep\/?post_type=product&#038;p=11534"},"modified":"2026-05-10T20:54:57","modified_gmt":"2026-05-10T18:54:57","slug":"farmakopea-polska-xiii-2023-suplement-2024-fp-xiii-pendrive-z-wersja-elektroniczna","status":"publish","type":"product","link":"https:\/\/www.cogno.eu\/sklep\/produkt\/farmakopea-polska-xiii-2023-suplement-2024-fp-xiii-pendrive-z-wersja-elektroniczna\/","title":{"rendered":"Farmakopea Polska XIII 2023 + Suplement 2024 FP XIII (pendrive z wersj\u0105 elektroniczn\u0105)"},"content":{"rendered":"<p>No\u015bnik pami\u0119ci (pendrive) zawieraj\u0105cy elektroniczn\u0105 <span id=\"page3R_mcid13\" class=\"markedContent\"><span dir=\"ltr\" role=\"presentation\">kumulatywn\u0105<\/span><\/span> wersj\u0119 FP XIII (FP XIII 2023, Suplement 2024 FP XIII).<\/p>\n<p>Dla produkt\u00f3w stanowi\u0105cych no\u015bnik pami\u0119ci (pendrive z wersj\u0105 elektroniczn\u0105) Klient sk\u0142adaj\u0105c zam\u00f3wienie przyjmuje do wiadomo\u015bci, \u017ce traci przys\u0142uguj\u0105ce mu prawo do odst\u0105pienia od umowy z chwil\u0105 pe\u0142nego wykonania umowy (dostarczenie produktu).<span id=\"page3R_mcid13\" class=\"markedContent\"><\/span><\/p>\n<p>Wymagania sprz\u0119towe<\/p>\n<p>System MS Windows<br \/>\nsystem operacyjny Windows 7 lub nowszy<br \/>\nprocesor o cz\u0119stotliwo\u015bci 2 GHz lub szybszy<br \/>\nminimum 1GB RAM<\/p>\n<p>Inne systemy Mac OS X v10.8 lub nowszy<br \/>\nprocesor o cz\u0119stotliwo\u015bci 1,8 GHz lub szybszy<br \/>\nminimum 1 GB RAM<\/p>\n","protected":false},"excerpt":{"rendered":"<p>No\u015bnik pami\u0119ci (pendrive) zawieraj\u0105cy elektroniczn\u0105 kumulatywn\u0105 wersj\u0119 FP XIII (FP XIII 2023, Suplement 2024 FP XIII). Dla produkt\u00f3w stanowi\u0105cych no\u015bnik pami\u0119ci (pendrive z wersj\u0105 elektroniczn\u0105) Klient sk\u0142adaj\u0105c zam\u00f3wienie przyjmuje do wiadomo\u015bci, \u017ce traci przys\u0142uguj\u0105ce mu prawo do odst\u0105pienia od umowy z chwil\u0105 pe\u0142nego wykonania umowy (dostarczenie produktu). Wymagania sprz\u0119towe System MS Windows system operacyjny Windows [&hellip;]<\/p>\n","protected":false},"featured_media":11569,"template":"","meta":[],"product_brand":[],"product_cat":[36,18,39],"product_tag":[16,28],"class_list":{"0":"post-11534","1":"product","2":"type-product","3":"status-publish","4":"has-post-thumbnail","6":"product_cat-farmakopea","7":"product_cat-farmakopea-polska","8":"product_cat-farmakopea-polska-xiii","9":"product_tag-farmakopea","10":"product_tag-pendrive","11":"product_shipping_class-suplement","13":"first","14":"instock","15":"taxable","16":"shipping-taxable","17":"purchasable","18":"product-type-simple"},"jetpack_sharing_enabled":true,"_links":{"self":[{"href":"https:\/\/www.cogno.eu\/sklep\/wp-json\/wp\/v2\/product\/11534","targetHints":{"allow":["GET"]}}],"collection":[{"href":"https:\/\/www.cogno.eu\/sklep\/wp-json\/wp\/v2\/product"}],"about":[{"href":"https:\/\/www.cogno.eu\/sklep\/wp-json\/wp\/v2\/types\/product"}],"wp:featuredmedia":[{"embeddable":true,"href":"https:\/\/www.cogno.eu\/sklep\/wp-json\/wp\/v2\/media\/11569"}],"wp:attachment":[{"href":"https:\/\/www.cogno.eu\/sklep\/wp-json\/wp\/v2\/media?parent=11534"}],"wp:term":[{"taxonomy":"product_brand","embeddable":true,"href":"https:\/\/www.cogno.eu\/sklep\/wp-json\/wp\/v2\/product_brand?post=11534"},{"taxonomy":"product_cat","embeddable":true,"href":"https:\/\/www.cogno.eu\/sklep\/wp-json\/wp\/v2\/product_cat?post=11534"},{"taxonomy":"product_tag","embeddable":true,"href":"https:\/\/www.cogno.eu\/sklep\/wp-json\/wp\/v2\/product_tag?post=11534"}],"curies":[{"name":"wp","href":"https:\/\/api.w.org\/{rel}","templated":true}]}}